{"id":33,"date":"2020-04-18T20:06:56","date_gmt":"2020-04-18T20:06:56","guid":{"rendered":"http:\/\/valdalen.se\/?page_id=33"},"modified":"2026-03-25T21:16:54","modified_gmt":"2026-03-25T21:16:54","slug":"integritetspolicy","status":"publish","type":"page","link":"https:\/\/valdalen.se\/?page_id=33","title":{"rendered":"Integritetspolicy"},"content":{"rendered":"\n<p>V\u00e5r webbplatsadress \u00e4r: https:\/\/valdalen.se.<\/p>\n\n\n\n<h2 class=\"wp-block-heading\">Vilka personuppgifter vi samlar in och varf\u00f6r vi samlar in dem<\/h2>\n\n\n\n<h3 class=\"wp-block-heading\">Inb\u00e4ddad inneh\u00e5ll fr\u00e5n andra webbplatser<\/h3>\n\n\n\n<p>Artiklar p\u00e5 denna webbplats kan inneh\u00e5lla inb\u00e4ddat inneh\u00e5ll (exempelvis videoklipp, bilder, artiklar o.s.v.). Inb\u00e4ddat inneh\u00e5ll fr\u00e5n andra webbplatser beter sig precis p\u00e5 samma s\u00e4tt som om bes\u00f6karen har bes\u00f6kt den andra webbplatsen.<\/p>\n\n\n\n<p>Dessa webbplatser kan samla in uppgifter om dig, anv\u00e4nda cookie-filer, b\u00e4dda in ytterligare sp\u00e5rning fr\u00e5n tredje part och \u00f6vervaka din interaktion med sagda inb\u00e4ddade inneh\u00e5ll, inklusive sp\u00e5rning av din interaktion med detta inb\u00e4ddade inneh\u00e5ll om du har ett konto och \u00e4r inloggad p\u00e5 webbplatsen i fr\u00e5ga.<\/p>\n\n\n\n<h2 class=\"wp-block-heading\">Kontaktinformation<\/h2>\n\n\n\n<p>info@valdalen.se<\/p>\n\n\n\n<h3 class=\"wp-block-heading\">Publicera bilder och information om dig<\/h3>\n\n\n\n<p>Jag publicerar enbart bilder och namn p\u00e5 dig som deltagare med ditt\/din m\u00e5lsmans godk\u00e4nnande.<\/p>\n\n\n\n<h3 class=\"wp-block-heading\">I \u00f6vrigt g\u00e4ller integritetspolicyn i enlighet med <a href=\"https:\/\/sv.wordpress.org\/about\/privacy\/\">WordPress<\/a><\/h3>\n\n\n\n<p><\/p>\n","protected":false},"excerpt":{"rendered":"<p>V\u00e5r webbplatsadress \u00e4r: https:\/\/valdalen.se. Vilka personuppgifter vi samlar in och varf\u00f6r vi samlar in dem Inb\u00e4ddad inneh\u00e5ll fr\u00e5n andra webbplatser Artiklar p\u00e5 denna webbplats kan inneh\u00e5lla inb\u00e4ddat inneh\u00e5ll (exempelvis videoklipp, bilder, artiklar o.s.v.). Inb\u00e4ddat inneh\u00e5ll&hellip;<\/p>\n","protected":false},"author":1,"featured_media":0,"parent":0,"menu_order":0,"comment_status":"closed","ping_status":"closed","template":"","meta":{"footnotes":""},"class_list":["post-33","page","type-page","status-publish","hentry"],"_links":{"self":[{"href":"https:\/\/valdalen.se\/index.php?rest_route=\/wp\/v2\/pages\/33","targetHints":{"allow":["GET"]}}],"collection":[{"href":"https:\/\/valdalen.se\/index.php?rest_route=\/wp\/v2\/pages"}],"about":[{"href":"https:\/\/valdalen.se\/index.php?rest_route=\/wp\/v2\/types\/page"}],"author":[{"embeddable":true,"href":"https:\/\/valdalen.se\/index.php?rest_route=\/wp\/v2\/users\/1"}],"replies":[{"embeddable":true,"href":"https:\/\/valdalen.se\/index.php?rest_route=%2Fwp%2Fv2%2Fcomments&post=33"}],"version-history":[{"count":10,"href":"https:\/\/valdalen.se\/index.php?rest_route=\/wp\/v2\/pages\/33\/revisions"}],"predecessor-version":[{"id":1287,"href":"https:\/\/valdalen.se\/index.php?rest_route=\/wp\/v2\/pages\/33\/revisions\/1287"}],"wp:attachment":[{"href":"https:\/\/valdalen.se\/index.php?rest_route=%2Fwp%2Fv2%2Fmedia&parent=33"}],"curies":[{"name":"wp","href":"https:\/\/api.w.org\/{rel}","templated":true}]}}