{"id":279,"date":"2020-06-30T18:41:45","date_gmt":"2020-06-30T18:41:45","guid":{"rendered":"http:\/\/valdalen.se\/?page_id=279"},"modified":"2026-03-25T21:16:23","modified_gmt":"2026-03-25T21:16:23","slug":"hygien-tack-for-din-omtanke","status":"publish","type":"page","link":"https:\/\/valdalen.se\/?page_id=279","title":{"rendered":"Hygien &#8211; f\u00f6rebygg smittorisk"},"content":{"rendered":"\n<p>F\u00f6r att minska smittorisker b\u00e5de f\u00f6r dig och djuren \u00e4r det viktigt att h\u00e5lla en god hygien. L\u00e4s g\u00e4rna rekommendationerna via l\u00e4nken till Jorbruksverket s\u00e5 hj\u00e4lps vi \u00e5t att h\u00e5lla oss friska. <\/p>\n\n\n\n<h2 class=\"wp-block-heading\"><strong><a href=\"https:\/\/djur.jordbruksverket.se\/amnesomraden\/djur\/sjukdomarochsmittskydd\/bestammelseromhygien\/dusombesokerenanlaggningmeddjur.4.2ae27f0513e7888ce2280007875.html\">Hygienregler<\/a><\/strong> (<strong>Jordbruksverket<\/strong>)<\/h2>\n\n\n\n<p>Sj\u00e4lvklart h\u00e5ller vi oss \u00e4ven till Folkh\u00e4lsomyndighetens rekommendationer n\u00e4r det g\u00e4ller handhygien och symtom g\u00e4llande covid19.<\/p>\n\n\n\n<h2 class=\"wp-block-heading\"><strong><span class=\"has-inline-color has-very-dark-gray-color\">F\u00f6ljande g\u00e4ller vid bes\u00f6k hos Valdalens Djur &amp; Natur<\/span><\/strong>:<\/h2>\n\n\n\n<div class=\"wp-block-group\"><div class=\"wp-block-group__inner-container is-layout-flow wp-block-group-is-layout-flow\">\n<figure class=\"wp-block-table is-style-stripes\"><table><tbody><tr><td class=\"has-text-align-left\" data-align=\"left\"><strong>Tv\u00e4tta h\u00e4nderna i sadelkammaren f\u00f6re och efter bes\u00f6k.&nbsp;<\/strong><\/td><td><img loading=\"lazy\" decoding=\"async\" src=\"https:\/\/lh3.googleusercontent.com\/B_Smpsil7eTD1-idIGyu2nNSXolhqtNNp38YP4DzuP5YTNjwxXKSdfx3I6JY3IiO9sY25JfD2sv5kK0TmYgGJn6l4tY8Z1PHuKg1zWpDCO1I-DLER2yyeWGAlo74Rn2Y1_9-qf9t\" width=\"167\" height=\"167\"><\/td><\/tr><tr><td class=\"has-text-align-left\" data-align=\"left\"><strong>Tv\u00e4tta skor och kl\u00e4der f\u00f6re och efter bes\u00f6k.&nbsp;<\/strong><\/td><td><img loading=\"lazy\" decoding=\"async\" src=\"https:\/\/lh6.googleusercontent.com\/0naLV0u6uONyagYIFn_CUTTdTjclMcOPF72HbppWmEZESb04gMf3cmu--HP1G3OnylLJkrgRkk2JldWnilZ3HgYsfralCNI7Q69Y6PPQ3ybWAUkftqGdM4qh398tpYUabPmLPjQ8\" width=\"120\" height=\"151\"><\/td><\/tr><tr><td class=\"has-text-align-left\" data-align=\"left\"><strong>Anv\u00e4nd h\u00e5rskydd under hj\u00e4lm.<\/strong><\/td><td><img loading=\"lazy\" decoding=\"async\" src=\"https:\/\/lh3.googleusercontent.com\/-qSFcNSScw8InoGrns7-0_xV4f1FRHKzoG5yUF_BZMNWkrTArv4MZng_zyEIBxiwSmqqzAhXDOyNiAfLsznkXLqDiK8wGaY0__h4ok8dxS8eVA7gcqw6QRJHTiccMhpWlik9NUJc\" width=\"171\" height=\"173\"><\/td><\/tr><\/tbody><\/table><\/figure>\n<\/div><\/div>\n\n\n\n<h2 class=\"wp-block-heading\"><strong><img loading=\"lazy\" decoding=\"async\" width=\"95\" height=\"96\" src=\"https:\/\/lh5.googleusercontent.com\/zA0Eai4tojZAgDcwa5B2fZmHYXigmbpUTq4xT1ET3qO9-a37kTRNZYy5OLTYQTmfXGP2v2IaVmBFxgSaUu4t2WyAKCaylZS_CgG7i--jpKsb0KGuEaQy9C6NQEqNlBhpv540qqqC\">     <span class=\"has-inline-color has-very-dark-gray-color\"> Tack f\u00f6r att vi hj\u00e4lps \u00e5t!<\/span><\/strong><\/h2>\n\n\n\n<p><\/p>\n","protected":false},"excerpt":{"rendered":"<p>F\u00f6r att minska smittorisker b\u00e5de f\u00f6r dig och djuren \u00e4r det viktigt att h\u00e5lla en god hygien. L\u00e4s g\u00e4rna rekommendationerna via l\u00e4nken till Jorbruksverket s\u00e5 hj\u00e4lps vi \u00e5t att h\u00e5lla oss friska. Hygienregler (Jordbruksverket) Sj\u00e4lvklart&hellip;<\/p>\n","protected":false},"author":1,"featured_media":0,"parent":0,"menu_order":0,"comment_status":"closed","ping_status":"closed","template":"","meta":{"footnotes":""},"class_list":["post-279","page","type-page","status-publish","hentry"],"_links":{"self":[{"href":"https:\/\/valdalen.se\/index.php?rest_route=\/wp\/v2\/pages\/279","targetHints":{"allow":["GET"]}}],"collection":[{"href":"https:\/\/valdalen.se\/index.php?rest_route=\/wp\/v2\/pages"}],"about":[{"href":"https:\/\/valdalen.se\/index.php?rest_route=\/wp\/v2\/types\/page"}],"author":[{"embeddable":true,"href":"https:\/\/valdalen.se\/index.php?rest_route=\/wp\/v2\/users\/1"}],"replies":[{"embeddable":true,"href":"https:\/\/valdalen.se\/index.php?rest_route=%2Fwp%2Fv2%2Fcomments&post=279"}],"version-history":[{"count":8,"href":"https:\/\/valdalen.se\/index.php?rest_route=\/wp\/v2\/pages\/279\/revisions"}],"predecessor-version":[{"id":1285,"href":"https:\/\/valdalen.se\/index.php?rest_route=\/wp\/v2\/pages\/279\/revisions\/1285"}],"wp:attachment":[{"href":"https:\/\/valdalen.se\/index.php?rest_route=%2Fwp%2Fv2%2Fmedia&parent=279"}],"curies":[{"name":"wp","href":"https:\/\/api.w.org\/{rel}","templated":true}]}}