{"id":113,"date":"2020-04-18T20:09:05","date_gmt":"2020-04-18T20:09:05","guid":{"rendered":"http:\/\/valdalen.se\/?page_id=113"},"modified":"2026-03-25T21:17:08","modified_gmt":"2026-03-25T21:17:08","slug":"kontakt","status":"publish","type":"page","link":"https:\/\/valdalen.se\/?page_id=113","title":{"rendered":"Kontakt &#8211; Hitta hit"},"content":{"rendered":"\n<h2 class=\"wp-block-heading\">Linda H\u00e5kansson<br>&#x2709; info@valdalen.se<br>&#x260e; 0739981960<\/h2>\n\n\n\n<p><strong>F\u00f6lj oss g\u00e4rna p\u00e5 Instagram<\/strong><\/p>\n\n\n\n<figure class=\"wp-block-image size-large is-resized\"><img loading=\"lazy\" decoding=\"async\" width=\"782\" height=\"1024\" src=\"https:\/\/valdalen.se\/wp-content\/uploads\/2026\/03\/insta-2-782x1024.jpg\" alt=\"\" class=\"wp-image-1242\" style=\"aspect-ratio:0.7636799218726158;width:220px;height:auto\" srcset=\"https:\/\/valdalen.se\/wp-content\/uploads\/2026\/03\/insta-2-782x1024.jpg 782w, https:\/\/valdalen.se\/wp-content\/uploads\/2026\/03\/insta-2-229x300.jpg 229w, https:\/\/valdalen.se\/wp-content\/uploads\/2026\/03\/insta-2-768x1006.jpg 768w, https:\/\/valdalen.se\/wp-content\/uploads\/2026\/03\/insta-2.jpg 1080w\" sizes=\"auto, (max-width: 782px) 100vw, 782px\" \/><\/figure>\n\n\n\n<p><strong><br><\/strong><\/p>\n\n\n\n<h2 class=\"wp-block-heading\"><strong>Adress<\/strong><br><br>Valdalens Djur&amp; Natur<br>Gateg\u00e5rden 109<br>461 91 Trollh\u00e4ttan<\/h2>\n\n\n\n<h2 class=\"wp-block-heading\"><strong>Hitta hit<\/strong><\/h2>\n\n\n\n<p><a href=\"https:\/\/www.google.se\/maps\/dir\/\/GATEG%C3%85RDEN+109,+461+91+Trollh%C3%A4ttan\/@58.1994206,12.1113908,17z\/data=!4m8!4m7!1m0!1m5!1m1!1s0x4645150dac7194db:0xa56b342d16388180!2m2!1d12.1135795!2d58.1994206\"><strong>KARTA<\/strong><\/a> &#8211; Google Maps<\/p>\n\n\n\n<p><a href=\"https:\/\/kartor.eniro.se\/?c=58.199421,12.113580&amp;z=14&amp;mode=route&amp;r=car;F00;-1;0;0;;58.199421;12.11358;Gateg%C3%A5rden%20109%20TROLLH%C3%84TTAN&amp;q=%22gateg%C3%A5rden,%20109,%20trollh%C3%A4ttan%22;geo\"><strong>KARTA<\/strong><\/a> &#8211; Eniro<\/p>\n\n\n\n<p><strong><a href=\"https:\/\/www.vasttrafik.se\/\">BUSS<\/a><\/strong> (Betalning i <a href=\"https:\/\/www.vasttrafik.se\/biljetter\/mer-om-biljetter\/vasttrafik-to-go\/\">&#8221;To Go&#8221;<\/a> &#8211; appen)<\/p>\n\n\n\n<ul class=\"wp-block-list\">\n<li>Trollh\u00e4ttan &#8211; Torps g\u00e5rd, Lilla Edet:<br>Buss <strong>421<\/strong><\/li>\n<\/ul>\n\n\n\n<ul class=\"wp-block-list\">\n<li>G\u00f6teborg &#8211; Torps g\u00e5rd, Lilla Edet:<br>T\u00e5g till L\u00f6d\u00f6se, byte till Buss <strong>421<\/strong><\/li>\n<\/ul>\n\n\n\n<ul class=\"wp-block-list\">\n<li>Kung\u00e4lv &#8211; Torps g\u00e5rd, Lilla Edet:<br>Buss <strong>422<\/strong> byte i Lilla Edet till Buss <strong>421<\/strong><\/li>\n<\/ul>\n\n\n\n<figure class=\"wp-block-gallery has-nested-images columns-default is-cropped wp-block-gallery-1 is-layout-flex wp-block-gallery-is-layout-flex\">\n<figure class=\"wp-block-image size-large\"><img loading=\"lazy\" decoding=\"async\" width=\"734\" height=\"441\" data-id=\"562\" src=\"https:\/\/valdalen.se\/wp-content\/uploads\/2021\/06\/tr\u00e4dg\u00e5rd.jpg\" alt=\"\" class=\"wp-image-562\" srcset=\"https:\/\/valdalen.se\/wp-content\/uploads\/2021\/06\/tr\u00e4dg\u00e5rd.jpg 734w, https:\/\/valdalen.se\/wp-content\/uploads\/2021\/06\/tr\u00e4dg\u00e5rd-300x180.jpg 300w\" sizes=\"auto, (max-width: 734px) 100vw, 734px\" \/><\/figure>\n\n\n\n<figure class=\"wp-block-image size-large\"><img loading=\"lazy\" decoding=\"async\" width=\"916\" height=\"452\" data-id=\"563\" src=\"https:\/\/valdalen.se\/wp-content\/uploads\/2021\/06\/husf\u00e5r.jpg\" alt=\"\" class=\"wp-image-563\" srcset=\"https:\/\/valdalen.se\/wp-content\/uploads\/2021\/06\/husf\u00e5r.jpg 916w, https:\/\/valdalen.se\/wp-content\/uploads\/2021\/06\/husf\u00e5r-300x148.jpg 300w, https:\/\/valdalen.se\/wp-content\/uploads\/2021\/06\/husf\u00e5r-768x379.jpg 768w\" sizes=\"auto, (max-width: 916px) 100vw, 916px\" \/><\/figure>\n<\/figure>\n\n\n\n<p><br><\/p>\n","protected":false},"excerpt":{"rendered":"<p>Linda H\u00e5kansson&#x2709; info@valdalen.se&#x260e; 0739981960 F\u00f6lj oss g\u00e4rna p\u00e5 Instagram Adress Valdalens Djur&amp; NaturGateg\u00e5rden 109461 91 Trollh\u00e4ttan Hitta hit KARTA &#8211; Google Maps KARTA &#8211; Eniro BUSS (Betalning i &#8221;To Go&#8221; &#8211; appen)<\/p>\n","protected":false},"author":1,"featured_media":0,"parent":0,"menu_order":0,"comment_status":"closed","ping_status":"closed","template":"","meta":{"footnotes":""},"class_list":["post-113","page","type-page","status-publish","hentry"],"_links":{"self":[{"href":"https:\/\/valdalen.se\/index.php?rest_route=\/wp\/v2\/pages\/113","targetHints":{"allow":["GET"]}}],"collection":[{"href":"https:\/\/valdalen.se\/index.php?rest_route=\/wp\/v2\/pages"}],"about":[{"href":"https:\/\/valdalen.se\/index.php?rest_route=\/wp\/v2\/types\/page"}],"author":[{"embeddable":true,"href":"https:\/\/valdalen.se\/index.php?rest_route=\/wp\/v2\/users\/1"}],"replies":[{"embeddable":true,"href":"https:\/\/valdalen.se\/index.php?rest_route=%2Fwp%2Fv2%2Fcomments&post=113"}],"version-history":[{"count":32,"href":"https:\/\/valdalen.se\/index.php?rest_route=\/wp\/v2\/pages\/113\/revisions"}],"predecessor-version":[{"id":1288,"href":"https:\/\/valdalen.se\/index.php?rest_route=\/wp\/v2\/pages\/113\/revisions\/1288"}],"wp:attachment":[{"href":"https:\/\/valdalen.se\/index.php?rest_route=%2Fwp%2Fv2%2Fmedia&parent=113"}],"curies":[{"name":"wp","href":"https:\/\/api.w.org\/{rel}","templated":true}]}}