{"id":1092,"date":"2026-03-25T11:23:19","date_gmt":"2026-03-25T11:23:19","guid":{"rendered":"https:\/\/valdalen.se\/?page_id=1092"},"modified":"2026-03-25T21:17:27","modified_gmt":"2026-03-25T21:17:27","slug":"lara-med-hastar","status":"publish","type":"page","link":"https:\/\/valdalen.se\/?page_id=1092","title":{"rendered":"L\u00e4ra med H\u00e4star"},"content":{"rendered":"\n<figure class=\"wp-block-image size-large is-resized\"><img loading=\"lazy\" decoding=\"async\" width=\"1024\" height=\"1024\" src=\"https:\/\/valdalen.se\/wp-content\/uploads\/2026\/03\/lara-med-hastar-logga-1024x1024.jpg\" alt=\"\" class=\"wp-image-1093\" style=\"width:222px;height:auto\" srcset=\"https:\/\/valdalen.se\/wp-content\/uploads\/2026\/03\/lara-med-hastar-logga-1024x1024.jpg 1024w, https:\/\/valdalen.se\/wp-content\/uploads\/2026\/03\/lara-med-hastar-logga-300x300.jpg 300w, https:\/\/valdalen.se\/wp-content\/uploads\/2026\/03\/lara-med-hastar-logga-150x150.jpg 150w, https:\/\/valdalen.se\/wp-content\/uploads\/2026\/03\/lara-med-hastar-logga-768x768.jpg 768w, https:\/\/valdalen.se\/wp-content\/uploads\/2026\/03\/lara-med-hastar-logga.avif 1400w\" sizes=\"auto, (max-width: 1024px) 100vw, 1024px\" \/><\/figure>\n\n\n\n<ul class=\"wp-block-list\">\n<li>2024 genomgick jag L\u00e4ra med H\u00e4star Akademin och \u00e4r utbildad L\u00e4ra med H\u00e4star handledare.<\/li>\n\n\n\n<li>D\u00e4rmed kan jag erbjuda L\u00e4ra med H\u00e4stars bepr\u00f6vade och prisbel\u00f6nta metod f\u00f6r att st\u00e4rka och utveckla olika m\u00e5lgrupper (barn, unga och vuxna) med hj\u00e4lp av h\u00e4star.<\/li>\n\n\n\n<li>F\u00f6r mer information om metoden, l\u00e4s mer om L\u00e4ra med H\u00e4star p\u00e5 &nbsp;<a href=\"https:\/\/www.laramedhastar.se\/\" target=\"_blank\" rel=\"noreferrer noopener\">www.laramedhastar.se<\/a><\/li>\n<\/ul>\n\n\n\n<figure class=\"wp-block-gallery has-nested-images columns-default is-cropped wp-block-gallery-1 is-layout-flex wp-block-gallery-is-layout-flex\">\n<figure class=\"wp-block-image size-large\"><img loading=\"lazy\" decoding=\"async\" width=\"1024\" height=\"879\" data-id=\"1101\" src=\"https:\/\/valdalen.se\/wp-content\/uploads\/2026\/03\/stationregn-1024x879.jpg\" alt=\"\" class=\"wp-image-1101\" srcset=\"https:\/\/valdalen.se\/wp-content\/uploads\/2026\/03\/stationregn-1024x879.jpg 1024w, https:\/\/valdalen.se\/wp-content\/uploads\/2026\/03\/stationregn-300x257.jpg 300w, https:\/\/valdalen.se\/wp-content\/uploads\/2026\/03\/stationregn-768x659.jpg 768w, https:\/\/valdalen.se\/wp-content\/uploads\/2026\/03\/stationregn-1536x1318.jpg 1536w, https:\/\/valdalen.se\/wp-content\/uploads\/2026\/03\/stationregn.jpg 1820w\" sizes=\"auto, (max-width: 1024px) 100vw, 1024px\" \/><\/figure>\n\n\n\n<figure class=\"wp-block-image size-large\"><img loading=\"lazy\" decoding=\"async\" width=\"768\" height=\"1024\" data-id=\"1097\" src=\"https:\/\/valdalen.se\/wp-content\/uploads\/2026\/03\/stoppstation-768x1024.jpg\" alt=\"\" class=\"wp-image-1097\" srcset=\"https:\/\/valdalen.se\/wp-content\/uploads\/2026\/03\/stoppstation-768x1024.jpg 768w, https:\/\/valdalen.se\/wp-content\/uploads\/2026\/03\/stoppstation-225x300.jpg 225w, https:\/\/valdalen.se\/wp-content\/uploads\/2026\/03\/stoppstation-1152x1536.jpg 1152w, https:\/\/valdalen.se\/wp-content\/uploads\/2026\/03\/stoppstation.jpg 1206w\" sizes=\"auto, (max-width: 768px) 100vw, 768px\" \/><\/figure>\n\n\n\n<figure class=\"wp-block-image size-large\"><img loading=\"lazy\" decoding=\"async\" width=\"1206\" height=\"1206\" data-id=\"1103\" src=\"https:\/\/valdalen.se\/wp-content\/uploads\/2026\/03\/stationvinter-1-edited.jpg\" alt=\"\" class=\"wp-image-1103\" srcset=\"https:\/\/valdalen.se\/wp-content\/uploads\/2026\/03\/stationvinter-1-edited.jpg 1206w, https:\/\/valdalen.se\/wp-content\/uploads\/2026\/03\/stationvinter-1-edited-300x300.jpg 300w, https:\/\/valdalen.se\/wp-content\/uploads\/2026\/03\/stationvinter-1-edited-1024x1024.jpg 1024w, https:\/\/valdalen.se\/wp-content\/uploads\/2026\/03\/stationvinter-1-edited-150x150.jpg 150w, https:\/\/valdalen.se\/wp-content\/uploads\/2026\/03\/stationvinter-1-edited-768x768.jpg 768w\" sizes=\"auto, (max-width: 1206px) 100vw, 1206px\" \/><\/figure>\n<\/figure>\n\n\n\n<p><\/p>\n","protected":false},"excerpt":{"rendered":"","protected":false},"author":1,"featured_media":0,"parent":0,"menu_order":0,"comment_status":"closed","ping_status":"closed","template":"","meta":{"footnotes":""},"class_list":["post-1092","page","type-page","status-publish","hentry"],"_links":{"self":[{"href":"https:\/\/valdalen.se\/index.php?rest_route=\/wp\/v2\/pages\/1092","targetHints":{"allow":["GET"]}}],"collection":[{"href":"https:\/\/valdalen.se\/index.php?rest_route=\/wp\/v2\/pages"}],"about":[{"href":"https:\/\/valdalen.se\/index.php?rest_route=\/wp\/v2\/types\/page"}],"author":[{"embeddable":true,"href":"https:\/\/valdalen.se\/index.php?rest_route=\/wp\/v2\/users\/1"}],"replies":[{"embeddable":true,"href":"https:\/\/valdalen.se\/index.php?rest_route=%2Fwp%2Fv2%2Fcomments&post=1092"}],"version-history":[{"count":5,"href":"https:\/\/valdalen.se\/index.php?rest_route=\/wp\/v2\/pages\/1092\/revisions"}],"predecessor-version":[{"id":1289,"href":"https:\/\/valdalen.se\/index.php?rest_route=\/wp\/v2\/pages\/1092\/revisions\/1289"}],"wp:attachment":[{"href":"https:\/\/valdalen.se\/index.php?rest_route=%2Fwp%2Fv2%2Fmedia&parent=1092"}],"curies":[{"name":"wp","href":"https:\/\/api.w.org\/{rel}","templated":true}]}}