{"id":108,"date":"2020-04-18T20:06:07","date_gmt":"2020-04-18T20:06:07","guid":{"rendered":"http:\/\/valdalen.se\/?page_id=108"},"modified":"2026-03-25T21:15:11","modified_gmt":"2026-03-25T21:15:11","slug":"hastunderstodda-insatser","status":"publish","type":"page","link":"https:\/\/valdalen.se\/?page_id=108","title":{"rendered":"Djur och naturunderst\u00f6dda insatser &#8211; Forskning och goda exempel"},"content":{"rendered":"\n<p><strong>Att f\u00e5 l\u00e4ra och m\u00e5 gott med djur och natur \u00e4r en l\u00e5ngsiktig investering f\u00f6r folkh\u00e4lsan.<\/strong><br>Vid Valdalens Djur &amp; Natur finns tv\u00e5 h\u00e4stkollegor. Verksamheten erbjuder h\u00e4stunderst\u00f6tt l\u00e4rande\/HUL och h\u00e4stunderst\u00f6dda aktiviteter\/HUA. Jag och hunden Undis \u00e4r ocks\u00e5 Bes\u00f6kshundsteam och p\u00e5v\u00e4g att blir Skol-och Terapihundsteam.<\/p>\n\n\n\n<p>Klicka p\u00e5 l\u00e4nkarna f\u00f6r att l\u00e4sa mer om h\u00e4stunderst\u00f6dda insatser och vad det kan inneb\u00e4ra. <\/p>\n\n\n\n<p><a href=\"https:\/\/ohi.nu\/forskning-och-fakta-om-hui\/\">OHI &#8211; Organisationen f\u00f6r H\u00e4stunderst\u00f6dda Insatser<\/a> <br>(i l\u00e4nken hittar ni fler forskningsstudier och filmer)<\/p>\n\n\n\n<p><a href=\"https:\/\/hastnaringen.se\/app\/uploads\/2018\/03\/hasten-och-folkhalsan-web-180307.pdf\">H\u00e4sten och folkh\u00e4lsan<\/a> <br>(H\u00e4stn\u00e4ringens Nationella Stiftelse 2018)<\/p>\n\n\n\n<p><a href=\"https:\/\/www.irt-ridterapi.se\/onewebmedia\/UME-2014-0505-FRD-RIDTERAPI.mp4\">Film &#8211; H\u00e4star och autism<\/a><\/p>\n\n\n\n<p><a href=\"https:\/\/www.slu.se\/ew-nyheter\/2020\/6\/kristina-bystrom-licentiatseminarium\/\">Natur och djur kan ge goda f\u00f6ruts\u00e4ttningar f\u00f6r barn med autism<\/a> <br>(Avhandling SLU 2020 &#8211; Kristina Bystr\u00f6m, psykolog och forskarstuderande)<\/p>\n\n\n\n<p><a href=\"https:\/\/tidningengrundskolan.se\/infor-hasten-ar-alla-lika\/\">\u201cInf\u00f6r h\u00e4sten \u00e4r alla lika\u201d<\/a>&nbsp; <br>(Tidningen Grundskolan 2016)<\/p>\n\n\n\n<p><a href=\"https:\/\/internt.slu.se\/nyheter-originalen\/2019\/7\/almedalen-hemmasittare\/\">\u201cKan djur och natur hj\u00e4lpa Sveriges ca 5 500 hemmasittare att m\u00e5 bra och \u00e5terv\u00e4nda till skolan?\u201d<\/a> (Nyhetsartikel fr\u00e5n SLU 2019)<\/p>\n\n\n\n<p><a href=\"https:\/\/tidningenfolkhogskolan.se\/hastpedagogik-ger-vinster-som-inte-gar-att-mata\/\">\u201cH\u00e4stunderst\u00f6dd pedagogik ger vinster som inte g\u00e5r att m\u00e4ta\u201d<\/a> <br>(Tidningen Folkh\u00f6gskolan 2019)<\/p>\n\n\n\n<p><a href=\"https:\/\/www.slu.se\/forskning\/kunskapsbank\/publicerat\/sport--och-sallskapsdjur\/hastnotiser\/hastunderstodda-insatser-bra-for-neurologiskt-sjuka\/?fbclid=IwAR1vLEcPVv-FQrxOqPoSmBJFPBA2E_5cq9hnPp5O_JFn_8NVPxZxQ4RmNbk\">&#8221;H\u00e4stunderst\u00f6dda insatser bra f\u00f6r neurologiskt sjuka&#8221;<\/a><br>(Forskningsstudie, SLU 2020)<\/p>\n\n\n\n<p><a href=\"https:\/\/urplay.se\/program\/220628-ur-samtiden-forelasningar-fran-hogskolan-i-halmstad-hastars-helande-kraft\">&#8221;H\u00e4stars helande kraft&#8221; <\/a> <br>(F\u00f6rel\u00e4sning av Henrika Jormfeldt, professor i omv\u00e5rdnad H\u00f6gskolan i Halmstad 2020)<\/p>\n\n\n\n<p><a href=\"https:\/\/gillahast.se\/\">&#8221;Gilla H\u00e4st&#8221;<\/a><br>(H\u00e4r finner du information, reportage och podcast om hur h\u00e4star kan hj\u00e4lpa m\u00e4nniskor i olika sammanhang)<\/p>\n\n\n\n<p><a href=\"https:\/\/www.slu.se\/forskning\/forskningskatalog\/projekt\/s\/sociala-tjanstehundars-stod-till-elever-med-problematisk-skolfranvaro\/\" data-type=\"link\" data-id=\"https:\/\/www.slu.se\/forskning\/forskningskatalog\/projekt\/s\/sociala-tjanstehundars-stod-till-elever-med-problematisk-skolfranvaro\/\">&#8221;Sociala Tj\u00e4nstehundars st\u00f6d till elever med problematisk skolfr\u00e5nvaro&#8221;<\/a><br>(Forskningsprojekt, SLU 2025)<\/p>\n\n\n\n<figure class=\"wp-block-image size-full\"><img loading=\"lazy\" decoding=\"async\" width=\"548\" height=\"548\" src=\"https:\/\/valdalen.se\/wp-content\/uploads\/2024\/09\/balder-sover.jpg\" alt=\"\" class=\"wp-image-890\" srcset=\"https:\/\/valdalen.se\/wp-content\/uploads\/2024\/09\/balder-sover.jpg 548w, https:\/\/valdalen.se\/wp-content\/uploads\/2024\/09\/balder-sover-300x300.jpg 300w, https:\/\/valdalen.se\/wp-content\/uploads\/2024\/09\/balder-sover-150x150.jpg 150w\" sizes=\"auto, (max-width: 548px) 100vw, 548px\" \/><\/figure>\n\n\n\n<p><\/p>\n","protected":false},"excerpt":{"rendered":"<p>Att f\u00e5 l\u00e4ra och m\u00e5 gott med djur och natur \u00e4r en l\u00e5ngsiktig investering f\u00f6r folkh\u00e4lsan.Vid Valdalens Djur &amp; Natur finns tv\u00e5 h\u00e4stkollegor. Verksamheten erbjuder h\u00e4stunderst\u00f6tt l\u00e4rande\/HUL och h\u00e4stunderst\u00f6dda aktiviteter\/HUA. Jag och hunden Undis \u00e4r&hellip;<\/p>\n","protected":false},"author":1,"featured_media":0,"parent":0,"menu_order":0,"comment_status":"closed","ping_status":"closed","template":"","meta":{"footnotes":""},"class_list":["post-108","page","type-page","status-publish","hentry"],"_links":{"self":[{"href":"https:\/\/valdalen.se\/index.php?rest_route=\/wp\/v2\/pages\/108","targetHints":{"allow":["GET"]}}],"collection":[{"href":"https:\/\/valdalen.se\/index.php?rest_route=\/wp\/v2\/pages"}],"about":[{"href":"https:\/\/valdalen.se\/index.php?rest_route=\/wp\/v2\/types\/page"}],"author":[{"embeddable":true,"href":"https:\/\/valdalen.se\/index.php?rest_route=\/wp\/v2\/users\/1"}],"replies":[{"embeddable":true,"href":"https:\/\/valdalen.se\/index.php?rest_route=%2Fwp%2Fv2%2Fcomments&post=108"}],"version-history":[{"count":32,"href":"https:\/\/valdalen.se\/index.php?rest_route=\/wp\/v2\/pages\/108\/revisions"}],"predecessor-version":[{"id":1281,"href":"https:\/\/valdalen.se\/index.php?rest_route=\/wp\/v2\/pages\/108\/revisions\/1281"}],"wp:attachment":[{"href":"https:\/\/valdalen.se\/index.php?rest_route=%2Fwp%2Fv2%2Fmedia&parent=108"}],"curies":[{"name":"wp","href":"https:\/\/api.w.org\/{rel}","templated":true}]}}