{"id":1034,"date":"2025-08-27T13:03:49","date_gmt":"2025-08-27T13:03:49","guid":{"rendered":"https:\/\/valdalen.se\/?page_id=1034"},"modified":"2026-03-25T21:14:58","modified_gmt":"2026-03-25T21:14:58","slug":"blombuketter-och-arrangemang","status":"publish","type":"page","link":"https:\/\/valdalen.se\/?page_id=1034","title":{"rendered":"Blombuketter och arrangemang"},"content":{"rendered":"\n<p>Jag tar best\u00e4llningar enligt \u00f6verenskommelse f\u00f6r fest, br\u00f6llop och begravningar. Jag beh\u00f6ver minst tre veckor f\u00f6r planering och ev. best\u00e4llningar. Skicka g\u00e4rna bilder om ni har \u00f6nskem\u00e5l. Leverans kan vara m\u00f6jligt enligt \u00f6verenskommelse. Nedan ser ni n\u00e5gra av de arrangemang och buketter som gjorts av mig.<\/p>\n\n\n\n<figure class=\"wp-block-image size-large\"><img loading=\"lazy\" decoding=\"async\" width=\"1024\" height=\"679\" src=\"https:\/\/valdalen.se\/wp-content\/uploads\/2025\/08\/fonster-1024x679.jpg\" alt=\"\" class=\"wp-image-1043\" srcset=\"https:\/\/valdalen.se\/wp-content\/uploads\/2025\/08\/fonster-1024x679.jpg 1024w, https:\/\/valdalen.se\/wp-content\/uploads\/2025\/08\/fonster-300x199.jpg 300w, https:\/\/valdalen.se\/wp-content\/uploads\/2025\/08\/fonster-768x509.jpg 768w, https:\/\/valdalen.se\/wp-content\/uploads\/2025\/08\/fonster-1536x1019.jpg 1536w, https:\/\/valdalen.se\/wp-content\/uploads\/2025\/08\/fonster-650x430.jpg 650w, https:\/\/valdalen.se\/wp-content\/uploads\/2025\/08\/fonster.jpg 2048w\" sizes=\"auto, (max-width: 1024px) 100vw, 1024px\" \/><\/figure>\n\n\n\n<figure class=\"wp-block-image size-large\"><img loading=\"lazy\" decoding=\"async\" width=\"1024\" height=\"1024\" src=\"https:\/\/valdalen.se\/wp-content\/uploads\/2025\/08\/dekorationer-1-1024x1024.jpg\" alt=\"\" class=\"wp-image-1044\" srcset=\"https:\/\/valdalen.se\/wp-content\/uploads\/2025\/08\/dekorationer-1-1024x1024.jpg 1024w, https:\/\/valdalen.se\/wp-content\/uploads\/2025\/08\/dekorationer-1-300x300.jpg 300w, https:\/\/valdalen.se\/wp-content\/uploads\/2025\/08\/dekorationer-1-150x150.jpg 150w, https:\/\/valdalen.se\/wp-content\/uploads\/2025\/08\/dekorationer-1-768x768.jpg 768w, https:\/\/valdalen.se\/wp-content\/uploads\/2025\/08\/dekorationer-1-1536x1536.jpg 1536w, https:\/\/valdalen.se\/wp-content\/uploads\/2025\/08\/dekorationer-1.jpg 2048w\" sizes=\"auto, (max-width: 1024px) 100vw, 1024px\" \/><\/figure>\n\n\n\n<figure class=\"wp-block-image size-large\"><img loading=\"lazy\" decoding=\"async\" width=\"1024\" height=\"1024\" src=\"https:\/\/valdalen.se\/wp-content\/uploads\/2025\/08\/brudbuketter-1-1024x1024.jpg\" alt=\"\" class=\"wp-image-1045\" srcset=\"https:\/\/valdalen.se\/wp-content\/uploads\/2025\/08\/brudbuketter-1-1024x1024.jpg 1024w, https:\/\/valdalen.se\/wp-content\/uploads\/2025\/08\/brudbuketter-1-300x300.jpg 300w, https:\/\/valdalen.se\/wp-content\/uploads\/2025\/08\/brudbuketter-1-150x150.jpg 150w, https:\/\/valdalen.se\/wp-content\/uploads\/2025\/08\/brudbuketter-1-768x768.jpg 768w, https:\/\/valdalen.se\/wp-content\/uploads\/2025\/08\/brudbuketter-1-1536x1536.jpg 1536w, https:\/\/valdalen.se\/wp-content\/uploads\/2025\/08\/brudbuketter-1.jpg 2048w\" sizes=\"auto, (max-width: 1024px) 100vw, 1024px\" \/><\/figure>\n\n\n\n<figure class=\"wp-block-image size-large\"><img loading=\"lazy\" decoding=\"async\" width=\"577\" height=\"1024\" src=\"https:\/\/valdalen.se\/wp-content\/uploads\/2025\/08\/brudbukett-boll-1-577x1024.jpg\" alt=\"\" class=\"wp-image-1046\" srcset=\"https:\/\/valdalen.se\/wp-content\/uploads\/2025\/08\/brudbukett-boll-1-577x1024.jpg 577w, https:\/\/valdalen.se\/wp-content\/uploads\/2025\/08\/brudbukett-boll-1-169x300.jpg 169w, https:\/\/valdalen.se\/wp-content\/uploads\/2025\/08\/brudbukett-boll-1-768x1364.jpg 768w, https:\/\/valdalen.se\/wp-content\/uploads\/2025\/08\/brudbukett-boll-1-865x1536.jpg 865w, https:\/\/valdalen.se\/wp-content\/uploads\/2025\/08\/brudbukett-boll-1.jpg 1153w\" sizes=\"auto, (max-width: 577px) 100vw, 577px\" \/><\/figure>\n\n\n\n<figure class=\"wp-block-image size-large\"><img loading=\"lazy\" decoding=\"async\" width=\"929\" height=\"1024\" src=\"https:\/\/valdalen.se\/wp-content\/uploads\/2025\/08\/bukettaprikos-2-929x1024.jpg\" alt=\"\" class=\"wp-image-1051\" srcset=\"https:\/\/valdalen.se\/wp-content\/uploads\/2025\/08\/bukettaprikos-2-929x1024.jpg 929w, https:\/\/valdalen.se\/wp-content\/uploads\/2025\/08\/bukettaprikos-2-272x300.jpg 272w, https:\/\/valdalen.se\/wp-content\/uploads\/2025\/08\/bukettaprikos-2-768x847.jpg 768w, https:\/\/valdalen.se\/wp-content\/uploads\/2025\/08\/bukettaprikos-2-1394x1536.jpg 1394w, https:\/\/valdalen.se\/wp-content\/uploads\/2025\/08\/bukettaprikos-2.jpg 1858w\" sizes=\"auto, (max-width: 929px) 100vw, 929px\" \/><\/figure>\n\n\n\n<figure class=\"wp-block-image size-large\"><img loading=\"lazy\" decoding=\"async\" width=\"1024\" height=\"897\" src=\"https:\/\/valdalen.se\/wp-content\/uploads\/2025\/08\/bordsdekoration-1-1024x897.jpg\" alt=\"\" class=\"wp-image-1047\" srcset=\"https:\/\/valdalen.se\/wp-content\/uploads\/2025\/08\/bordsdekoration-1-1024x897.jpg 1024w, https:\/\/valdalen.se\/wp-content\/uploads\/2025\/08\/bordsdekoration-1-300x263.jpg 300w, https:\/\/valdalen.se\/wp-content\/uploads\/2025\/08\/bordsdekoration-1-768x673.jpg 768w, https:\/\/valdalen.se\/wp-content\/uploads\/2025\/08\/bordsdekoration-1-1536x1346.jpg 1536w, https:\/\/valdalen.se\/wp-content\/uploads\/2025\/08\/bordsdekoration-1-2048x1795.jpg 2048w\" sizes=\"auto, (max-width: 1024px) 100vw, 1024px\" \/><\/figure>\n\n\n\n<figure class=\"wp-block-image size-large\"><img loading=\"lazy\" decoding=\"async\" width=\"1024\" height=\"1024\" src=\"https:\/\/valdalen.se\/wp-content\/uploads\/2025\/08\/begravning1-1-1024x1024.jpg\" alt=\"\" class=\"wp-image-1048\" srcset=\"https:\/\/valdalen.se\/wp-content\/uploads\/2025\/08\/begravning1-1-1024x1024.jpg 1024w, https:\/\/valdalen.se\/wp-content\/uploads\/2025\/08\/begravning1-1-300x300.jpg 300w, https:\/\/valdalen.se\/wp-content\/uploads\/2025\/08\/begravning1-1-150x150.jpg 150w, https:\/\/valdalen.se\/wp-content\/uploads\/2025\/08\/begravning1-1-768x768.jpg 768w, https:\/\/valdalen.se\/wp-content\/uploads\/2025\/08\/begravning1-1-1536x1536.jpg 1536w, https:\/\/valdalen.se\/wp-content\/uploads\/2025\/08\/begravning1-1.jpg 2048w\" sizes=\"auto, (max-width: 1024px) 100vw, 1024px\" \/><\/figure>\n\n\n\n<figure class=\"wp-block-image size-large\"><img loading=\"lazy\" decoding=\"async\" width=\"1024\" height=\"1024\" src=\"https:\/\/valdalen.se\/wp-content\/uploads\/2025\/08\/begravning-1-1024x1024.jpg\" alt=\"\" class=\"wp-image-1049\" srcset=\"https:\/\/valdalen.se\/wp-content\/uploads\/2025\/08\/begravning-1-1024x1024.jpg 1024w, https:\/\/valdalen.se\/wp-content\/uploads\/2025\/08\/begravning-1-300x300.jpg 300w, https:\/\/valdalen.se\/wp-content\/uploads\/2025\/08\/begravning-1-150x150.jpg 150w, https:\/\/valdalen.se\/wp-content\/uploads\/2025\/08\/begravning-1-768x768.jpg 768w, https:\/\/valdalen.se\/wp-content\/uploads\/2025\/08\/begravning-1-1536x1536.jpg 1536w, https:\/\/valdalen.se\/wp-content\/uploads\/2025\/08\/begravning-1.jpg 2048w\" sizes=\"auto, (max-width: 1024px) 100vw, 1024px\" \/><\/figure>\n","protected":false},"excerpt":{"rendered":"<p>Jag tar best\u00e4llningar enligt \u00f6verenskommelse f\u00f6r fest, br\u00f6llop och begravningar. Jag beh\u00f6ver minst tre veckor f\u00f6r planering och ev. best\u00e4llningar. Skicka g\u00e4rna bilder om ni har \u00f6nskem\u00e5l. Leverans kan vara m\u00f6jligt enligt \u00f6verenskommelse. Nedan ser&hellip;<\/p>\n","protected":false},"author":1,"featured_media":0,"parent":0,"menu_order":0,"comment_status":"closed","ping_status":"closed","template":"","meta":{"footnotes":""},"class_list":["post-1034","page","type-page","status-publish","hentry"],"_links":{"self":[{"href":"https:\/\/valdalen.se\/index.php?rest_route=\/wp\/v2\/pages\/1034","targetHints":{"allow":["GET"]}}],"collection":[{"href":"https:\/\/valdalen.se\/index.php?rest_route=\/wp\/v2\/pages"}],"about":[{"href":"https:\/\/valdalen.se\/index.php?rest_route=\/wp\/v2\/types\/page"}],"author":[{"embeddable":true,"href":"https:\/\/valdalen.se\/index.php?rest_route=\/wp\/v2\/users\/1"}],"replies":[{"embeddable":true,"href":"https:\/\/valdalen.se\/index.php?rest_route=%2Fwp%2Fv2%2Fcomments&post=1034"}],"version-history":[{"count":4,"href":"https:\/\/valdalen.se\/index.php?rest_route=\/wp\/v2\/pages\/1034\/revisions"}],"predecessor-version":[{"id":1280,"href":"https:\/\/valdalen.se\/index.php?rest_route=\/wp\/v2\/pages\/1034\/revisions\/1280"}],"wp:attachment":[{"href":"https:\/\/valdalen.se\/index.php?rest_route=%2Fwp%2Fv2%2Fmedia&parent=1034"}],"curies":[{"name":"wp","href":"https:\/\/api.w.org\/{rel}","templated":true}]}}